{"id":2,"date":"2023-03-22T03:54:26","date_gmt":"2023-03-22T03:54:26","guid":{"rendered":"https:\/\/motukaikoura.org\/?page_id=2"},"modified":"2024-12-24T13:28:45","modified_gmt":"2024-12-24T00:28:45","slug":"motu-kaikoura","status":"publish","type":"page","link":"https:\/\/motukaikoura.org\/","title":{"rendered":"Home"},"content":{"rendered":"\n<figure class=\"wp-block-image size-large\"><img loading=\"lazy\" decoding=\"async\" width=\"1024\" height=\"768\" src=\"https:\/\/motukaikoura.org\/wp-content\/uploads\/2024\/12\/Bradshaw_West_2-1024x768.jpg\" alt=\"\" class=\"wp-image-245\" style=\"object-fit:cover\" srcset=\"https:\/\/motukaikoura.org\/wp-content\/uploads\/2024\/12\/Bradshaw_West_2-1024x768.jpg 1024w, https:\/\/motukaikoura.org\/wp-content\/uploads\/2024\/12\/Bradshaw_West_2-300x225.jpg 300w, https:\/\/motukaikoura.org\/wp-content\/uploads\/2024\/12\/Bradshaw_West_2-768x576.jpg 768w, https:\/\/motukaikoura.org\/wp-content\/uploads\/2024\/12\/Bradshaw_West_2-1536x1152.jpg 1536w, https:\/\/motukaikoura.org\/wp-content\/uploads\/2024\/12\/Bradshaw_West_2-rotated.jpg 1632w\" sizes=\"auto, (max-width: 1024px) 100vw, 1024px\" \/><\/figure>\n\n\n\n<h2 class=\"wp-block-heading has-text-align-center\">MOTU KAIK\u014cURA<\/h2>\n\n\n\n<p><a href=\"https:\/\/en.wikipedia.org\/wiki\/Kaik\u014dura_Island\">Motu Kaik\u014dura<\/a> (previously known as Selwyn Island and also as Kaik\u014dura Island) is an island off the west coast of <a href=\"https:\/\/www.linz.govt.nz\/products-services\/maps\/new-zealand-topographic-maps\/topo50-map-chooser\/topo50-map-ay34-claris\">Aotea\/Great Barrier Island<\/a>, New Zealand&#8217;s sixth largest island, and provides protection to Port Fitzroy on the latter. The 564-hectare island is located 80m at its closest point to Aotea\/Great Barrier Island, and is 90km NNE of Auckland, New Zealand&#8217;s largest city.<\/p>\n\n\n\n<p>Motu Kaik\u014dura was bought for the people of New Zealand by the Government, the ASB Charitable Trusts, the Auckland Regional Council and Auckland local authorities and opened by the Prime Minister on 7 May 2005. <a href=\"https:\/\/motukaikoura.org\/wp-content\/uploads\/2024\/02\/MotuKaikoura1912-2-scaled.jpg\">Farmed<\/a> for a century, it is now an open sanctuary for native flora and fauna and is subject to continuous pest control.<\/p>\n\n\n\n<p>It is an island of huge potential for conservation purposes and NZ desperately needs more secure sanctuaries for our wildlife.&nbsp; The aim is to support the natural regeneration of the vegetation &#8212; free of invasive plants and animals.<\/p>\n\n\n\n<p>Motu Kaik\u014dura is managed by the Motu Kaikoura Trust Board, which has prepared and regularly updates a Management Plan. The <a href=\"https:\/\/motukaikoura.org\/wp-content\/uploads\/2023\/04\/ManagementPlan2020.pdf\">Management Plan<\/a> includes a wealth of information about the island, some of which is summarised elsewhere in this web site.<\/p>\n","protected":false},"excerpt":{"rendered":"<p>MOTU KAIK\u014cURA Motu Kaik\u014dura (previously known as Selwyn Island and also as Kaik\u014dura Island) is an island off the west coast of Aotea\/Great Barrier Island, New Zealand&#8217;s sixth largest island, and provides protection to Port Fitzroy on the latter. The 564-hectare island is located 80m at its closest point to Aotea\/Great Barrier Island, and is [&hellip;]<\/p>\n","protected":false},"author":1,"featured_media":0,"parent":0,"menu_order":0,"comment_status":"closed","ping_status":"open","template":"","meta":{"footnotes":""},"class_list":["post-2","page","type-page","status-publish","hentry"],"yoast_head":"<!-- This site is optimized with the Yoast SEO plugin v27.3 - https:\/\/yoast.com\/product\/yoast-seo-wordpress\/ -->\n<title>Home - Motukaikoura<\/title>\n<meta name=\"description\" content=\"Motu Kaikoura (previously known as Selwyn Island) was bought for the people of New Zealand by the Government, the ASB Charitable Trusts, the Auckland Regional Council and Auckland local authorities and opened by the Prime Minister on 7 May 2005. The 564-hectare island is now an open sanctuary for native flora and fauna and is subject to continuous pest control. It is located 80m at its closest point to the west coast of Great Barrier Island, 90km NNE of Auckland, New Zealand&#039;s largest city.It is an island of huge potential for conservation purposes and NZ desperately needs more secure sanctuaries for our wildlife. The aim is to support the natural regeneration of the vegetation-free of invasive plants and animals.\" \/>\n<meta name=\"robots\" content=\"index, follow, max-snippet:-1, max-image-preview:large, max-video-preview:-1\" \/>\n<link rel=\"canonical\" href=\"https:\/\/motukaikoura.org\/\" \/>\n<meta property=\"og:locale\" content=\"en_US\" \/>\n<meta property=\"og:type\" content=\"article\" \/>\n<meta property=\"og:title\" content=\"Home - Motukaikoura\" \/>\n<meta property=\"og:description\" content=\"Motu Kaikoura (previously known as Selwyn Island) was bought for the people of New Zealand by the Government, the ASB Charitable Trusts, the Auckland Regional Council and Auckland local authorities and opened by the Prime Minister on 7 May 2005. The 564-hectare island is now an open sanctuary for native flora and fauna and is subject to continuous pest control. It is located 80m at its closest point to the west coast of Great Barrier Island, 90km NNE of Auckland, New Zealand&#039;s largest city.It is an island of huge potential for conservation purposes and NZ desperately needs more secure sanctuaries for our wildlife. The aim is to support the natural regeneration of the vegetation-free of invasive plants and animals.\" \/>\n<meta property=\"og:url\" content=\"https:\/\/motukaikoura.org\/\" \/>\n<meta property=\"og:site_name\" content=\"Motukaikoura\" \/>\n<meta property=\"article:modified_time\" content=\"2024-12-24T00:28:45+00:00\" \/>\n<meta property=\"og:image\" content=\"https:\/\/motukaikoura.org\/wp-content\/uploads\/2024\/12\/Bradshaw_West_2-1024x768.jpg\" \/>\n<meta name=\"twitter:card\" content=\"summary_large_image\" \/>\n<meta name=\"twitter:label1\" content=\"Est. reading time\" \/>\n\t<meta name=\"twitter:data1\" content=\"2 minutes\" \/>\n<script type=\"application\/ld+json\" class=\"yoast-schema-graph\">{\"@context\":\"https:\\\/\\\/schema.org\",\"@graph\":[{\"@type\":\"WebPage\",\"@id\":\"https:\\\/\\\/motukaikoura.org\\\/\",\"url\":\"https:\\\/\\\/motukaikoura.org\\\/\",\"name\":\"Home - Motukaikoura\",\"isPartOf\":{\"@id\":\"https:\\\/\\\/motukaikoura.org\\\/#website\"},\"primaryImageOfPage\":{\"@id\":\"https:\\\/\\\/motukaikoura.org\\\/#primaryimage\"},\"image\":{\"@id\":\"https:\\\/\\\/motukaikoura.org\\\/#primaryimage\"},\"thumbnailUrl\":\"https:\\\/\\\/motukaikoura.org\\\/wp-content\\\/uploads\\\/2024\\\/12\\\/Bradshaw_West_2-1024x768.jpg\",\"datePublished\":\"2023-03-22T03:54:26+00:00\",\"dateModified\":\"2024-12-24T00:28:45+00:00\",\"description\":\"Motu Kaikoura (previously known as Selwyn Island) was bought for the people of New Zealand by the Government, the ASB Charitable Trusts, the Auckland Regional Council and Auckland local authorities and opened by the Prime Minister on 7 May 2005. The 564-hectare island is now an open sanctuary for native flora and fauna and is subject to continuous pest control. It is located 80m at its closest point to the west coast of Great Barrier Island, 90km NNE of Auckland, New Zealand's largest city.It is an island of huge potential for conservation purposes and NZ desperately needs more secure sanctuaries for our wildlife. The aim is to support the natural regeneration of the vegetation-free of invasive plants and animals.\",\"breadcrumb\":{\"@id\":\"https:\\\/\\\/motukaikoura.org\\\/#breadcrumb\"},\"inLanguage\":\"en-NZ\",\"potentialAction\":[{\"@type\":\"ReadAction\",\"target\":[\"https:\\\/\\\/motukaikoura.org\\\/\"]}]},{\"@type\":\"ImageObject\",\"inLanguage\":\"en-NZ\",\"@id\":\"https:\\\/\\\/motukaikoura.org\\\/#primaryimage\",\"url\":\"https:\\\/\\\/motukaikoura.org\\\/wp-content\\\/uploads\\\/2024\\\/12\\\/Bradshaw_West_2-1024x768.jpg\",\"contentUrl\":\"https:\\\/\\\/motukaikoura.org\\\/wp-content\\\/uploads\\\/2024\\\/12\\\/Bradshaw_West_2-1024x768.jpg\"},{\"@type\":\"BreadcrumbList\",\"@id\":\"https:\\\/\\\/motukaikoura.org\\\/#breadcrumb\",\"itemListElement\":[{\"@type\":\"ListItem\",\"position\":1,\"name\":\"Home\",\"item\":\"https:\\\/\\\/motukaikoura.org\\\/\"},{\"@type\":\"ListItem\",\"position\":2,\"name\":\"Home\"}]},{\"@type\":\"WebSite\",\"@id\":\"https:\\\/\\\/motukaikoura.org\\\/#website\",\"url\":\"https:\\\/\\\/motukaikoura.org\\\/\",\"name\":\"Motukaikoura\",\"description\":\"\",\"potentialAction\":[{\"@type\":\"SearchAction\",\"target\":{\"@type\":\"EntryPoint\",\"urlTemplate\":\"https:\\\/\\\/motukaikoura.org\\\/?s={search_term_string}\"},\"query-input\":{\"@type\":\"PropertyValueSpecification\",\"valueRequired\":true,\"valueName\":\"search_term_string\"}}],\"inLanguage\":\"en-NZ\"}]}<\/script>\n<!-- \/ Yoast SEO plugin. -->","yoast_head_json":{"title":"Home - Motukaikoura","description":"Motu Kaikoura (previously known as Selwyn Island) was bought for the people of New Zealand by the Government, the ASB Charitable Trusts, the Auckland Regional Council and Auckland local authorities and opened by the Prime Minister on 7 May 2005. The 564-hectare island is now an open sanctuary for native flora and fauna and is subject to continuous pest control. It is located 80m at its closest point to the west coast of Great Barrier Island, 90km NNE of Auckland, New Zealand's largest city.It is an island of huge potential for conservation purposes and NZ desperately needs more secure sanctuaries for our wildlife. The aim is to support the natural regeneration of the vegetation-free of invasive plants and animals.","robots":{"index":"index","follow":"follow","max-snippet":"max-snippet:-1","max-image-preview":"max-image-preview:large","max-video-preview":"max-video-preview:-1"},"canonical":"https:\/\/motukaikoura.org\/","og_locale":"en_US","og_type":"article","og_title":"Home - Motukaikoura","og_description":"Motu Kaikoura (previously known as Selwyn Island) was bought for the people of New Zealand by the Government, the ASB Charitable Trusts, the Auckland Regional Council and Auckland local authorities and opened by the Prime Minister on 7 May 2005. The 564-hectare island is now an open sanctuary for native flora and fauna and is subject to continuous pest control. It is located 80m at its closest point to the west coast of Great Barrier Island, 90km NNE of Auckland, New Zealand's largest city.It is an island of huge potential for conservation purposes and NZ desperately needs more secure sanctuaries for our wildlife. The aim is to support the natural regeneration of the vegetation-free of invasive plants and animals.","og_url":"https:\/\/motukaikoura.org\/","og_site_name":"Motukaikoura","article_modified_time":"2024-12-24T00:28:45+00:00","og_image":[{"url":"https:\/\/motukaikoura.org\/wp-content\/uploads\/2024\/12\/Bradshaw_West_2-1024x768.jpg","type":"","width":"","height":""}],"twitter_card":"summary_large_image","twitter_misc":{"Est. reading time":"2 minutes"},"schema":{"@context":"https:\/\/schema.org","@graph":[{"@type":"WebPage","@id":"https:\/\/motukaikoura.org\/","url":"https:\/\/motukaikoura.org\/","name":"Home - Motukaikoura","isPartOf":{"@id":"https:\/\/motukaikoura.org\/#website"},"primaryImageOfPage":{"@id":"https:\/\/motukaikoura.org\/#primaryimage"},"image":{"@id":"https:\/\/motukaikoura.org\/#primaryimage"},"thumbnailUrl":"https:\/\/motukaikoura.org\/wp-content\/uploads\/2024\/12\/Bradshaw_West_2-1024x768.jpg","datePublished":"2023-03-22T03:54:26+00:00","dateModified":"2024-12-24T00:28:45+00:00","description":"Motu Kaikoura (previously known as Selwyn Island) was bought for the people of New Zealand by the Government, the ASB Charitable Trusts, the Auckland Regional Council and Auckland local authorities and opened by the Prime Minister on 7 May 2005. The 564-hectare island is now an open sanctuary for native flora and fauna and is subject to continuous pest control. It is located 80m at its closest point to the west coast of Great Barrier Island, 90km NNE of Auckland, New Zealand's largest city.It is an island of huge potential for conservation purposes and NZ desperately needs more secure sanctuaries for our wildlife. The aim is to support the natural regeneration of the vegetation-free of invasive plants and animals.","breadcrumb":{"@id":"https:\/\/motukaikoura.org\/#breadcrumb"},"inLanguage":"en-NZ","potentialAction":[{"@type":"ReadAction","target":["https:\/\/motukaikoura.org\/"]}]},{"@type":"ImageObject","inLanguage":"en-NZ","@id":"https:\/\/motukaikoura.org\/#primaryimage","url":"https:\/\/motukaikoura.org\/wp-content\/uploads\/2024\/12\/Bradshaw_West_2-1024x768.jpg","contentUrl":"https:\/\/motukaikoura.org\/wp-content\/uploads\/2024\/12\/Bradshaw_West_2-1024x768.jpg"},{"@type":"BreadcrumbList","@id":"https:\/\/motukaikoura.org\/#breadcrumb","itemListElement":[{"@type":"ListItem","position":1,"name":"Home","item":"https:\/\/motukaikoura.org\/"},{"@type":"ListItem","position":2,"name":"Home"}]},{"@type":"WebSite","@id":"https:\/\/motukaikoura.org\/#website","url":"https:\/\/motukaikoura.org\/","name":"Motukaikoura","description":"","potentialAction":[{"@type":"SearchAction","target":{"@type":"EntryPoint","urlTemplate":"https:\/\/motukaikoura.org\/?s={search_term_string}"},"query-input":{"@type":"PropertyValueSpecification","valueRequired":true,"valueName":"search_term_string"}}],"inLanguage":"en-NZ"}]}},"_links":{"self":[{"href":"https:\/\/motukaikoura.org\/index.php\/wp-json\/wp\/v2\/pages\/2","targetHints":{"allow":["GET"]}}],"collection":[{"href":"https:\/\/motukaikoura.org\/index.php\/wp-json\/wp\/v2\/pages"}],"about":[{"href":"https:\/\/motukaikoura.org\/index.php\/wp-json\/wp\/v2\/types\/page"}],"author":[{"embeddable":true,"href":"https:\/\/motukaikoura.org\/index.php\/wp-json\/wp\/v2\/users\/1"}],"replies":[{"embeddable":true,"href":"https:\/\/motukaikoura.org\/index.php\/wp-json\/wp\/v2\/comments?post=2"}],"version-history":[{"count":17,"href":"https:\/\/motukaikoura.org\/index.php\/wp-json\/wp\/v2\/pages\/2\/revisions"}],"predecessor-version":[{"id":255,"href":"https:\/\/motukaikoura.org\/index.php\/wp-json\/wp\/v2\/pages\/2\/revisions\/255"}],"wp:attachment":[{"href":"https:\/\/motukaikoura.org\/index.php\/wp-json\/wp\/v2\/media?parent=2"}],"curies":[{"name":"wp","href":"https:\/\/api.w.org\/{rel}","templated":true}]}}